{"id":5449,"date":"2023-11-13T13:42:30","date_gmt":"2023-11-13T18:42:30","guid":{"rendered":"https:\/\/onyx-fire-2023.local\/?page_id=5449"},"modified":"2025-08-11T18:46:39","modified_gmt":"2025-08-11T23:46:39","slug":"homepage-v2","status":"publish","type":"page","link":"https:\/\/priorityfire.com\/fr\/","title":{"rendered":"Homepage"},"content":{"rendered":"","protected":false},"excerpt":{"rendered":"","protected":false},"author":3,"featured_media":0,"parent":0,"menu_order":0,"comment_status":"closed","ping_status":"closed","template":"","meta":{"_acf_changed":false,"inline_featured_image":false,"footnotes":""},"class_list":["post-5449","page","type-page","status-publish","hentry"],"acf":[],"yoast_head":"<!-- This site is optimized with the Yoast SEO plugin v27.6 - https:\/\/yoast.com\/product\/yoast-seo-wordpress\/ -->\n<title>Priority Fire Equipment Inc.<\/title>\n<meta name=\"description\" content=\"Our reliable solutions for fire protection and fire safety currently serve more than 1,000 customers and more than 3,000 buildings across Canada. Priority Fire Equipment offers service around the clock, 24 hours a day, 7 days a week, and provides world-class solutions and comprehensive expertise.\" \/>\n<meta name=\"robots\" content=\"index, follow, max-snippet:-1, max-image-preview:large, max-video-preview:-1\" \/>\n<link rel=\"canonical\" href=\"http:\/\/priorityfire.com\/fr\/\" \/>\n<meta property=\"og:locale\" content=\"fr_CA\" \/>\n<meta property=\"og:type\" content=\"article\" \/>\n<meta property=\"og:title\" content=\"Priority Fire Equipment Inc.\" \/>\n<meta property=\"og:description\" content=\"Our reliable solutions for fire protection and fire safety currently serve more than 1,000 customers and more than 3,000 buildings across Canada. Priority Fire Equipment offers service around the clock, 24 hours a day, 7 days a week, and provides world-class solutions and comprehensive expertise.\" \/>\n<meta property=\"og:url\" content=\"http:\/\/priorityfire.com\/fr\/\" \/>\n<meta property=\"og:site_name\" content=\"Priority Fire Equipment Inc.\" \/>\n<meta property=\"article:publisher\" content=\"https:\/\/www.facebook.com\/UnicaInsurance\/\" \/>\n<meta property=\"article:modified_time\" content=\"2025-08-11T23:46:39+00:00\" \/>\n<meta property=\"og:image\" content=\"https:\/\/priorityfire.com\/wp-content\/uploads\/2025\/01\/priority_van.png\" \/>\n\t<meta property=\"og:image:width\" content=\"1000\" \/>\n\t<meta property=\"og:image:height\" content=\"415\" \/>\n\t<meta property=\"og:image:type\" content=\"image\/png\" \/>\n<script type=\"application\/ld+json\" class=\"yoast-schema-graph\">{\"@context\":\"https:\\\/\\\/schema.org\",\"@graph\":[{\"@type\":\"WebPage\",\"@id\":\"http:\\\/\\\/priorityfire.com\\\/fr\\\/\",\"url\":\"http:\\\/\\\/priorityfire.com\\\/fr\\\/\",\"name\":\"Priority Fire Equipment Inc.\",\"isPartOf\":{\"@id\":\"http:\\\/\\\/priorityfire.com\\\/fr\\\/#website\"},\"datePublished\":\"2023-11-13T18:42:30+00:00\",\"dateModified\":\"2025-08-11T23:46:39+00:00\",\"description\":\"Our reliable solutions for fire protection and fire safety currently serve more than 1,000 customers and more than 3,000 buildings across Canada. Priority Fire Equipment offers service around the clock, 24 hours a day, 7 days a week, and provides world-class solutions and comprehensive expertise.\",\"inLanguage\":\"fr-CA\",\"potentialAction\":[{\"@type\":\"ReadAction\",\"target\":[\"http:\\\/\\\/priorityfire.com\\\/fr\\\/\"]}]},{\"@type\":\"WebSite\",\"@id\":\"http:\\\/\\\/priorityfire.com\\\/fr\\\/#website\",\"url\":\"http:\\\/\\\/priorityfire.com\\\/fr\\\/\",\"name\":\"Priority Fire Equipment Inc.\",\"description\":\"Meticulously trained by the Canadian Fire Alarm Association.\",\"potentialAction\":[{\"@type\":\"SearchAction\",\"target\":{\"@type\":\"EntryPoint\",\"urlTemplate\":\"http:\\\/\\\/priorityfire.com\\\/fr\\\/?s={search_term_string}\"},\"query-input\":{\"@type\":\"PropertyValueSpecification\",\"valueRequired\":true,\"valueName\":\"search_term_string\"}}],\"inLanguage\":\"fr-CA\"}]}<\/script>\n<!-- \/ Yoast SEO plugin. -->","yoast_head_json":{"title":"Priority Fire Equipment Inc.","description":"Nos solutions fiables de protection contre les incendies et de s\u00e9curit\u00e9 incendie aident actuellement plus de 1 000 clients et plus de 3 000 b\u00e2timents \u00e0 travers le Canada. \u00e9quipement Incendie Priorit\u00e9 offre un service 24 heures sur 24, 7 jours sur 7, ainsi que des solutions de classe mondiale et une expertise compl\u00e8te.","robots":{"index":"index","follow":"follow","max-snippet":"max-snippet:-1","max-image-preview":"max-image-preview:large","max-video-preview":"max-video-preview:-1"},"canonical":"http:\/\/priorityfire.com\/fr\/","og_locale":"fr_CA","og_type":"article","og_title":"Priority Fire Equipment Inc.","og_description":"Our reliable solutions for fire protection and fire safety currently serve more than 1,000 customers and more than 3,000 buildings across Canada. Priority Fire Equipment offers service around the clock, 24 hours a day, 7 days a week, and provides world-class solutions and comprehensive expertise.","og_url":"http:\/\/priorityfire.com\/fr\/","og_site_name":"Priority Fire Equipment Inc.","article_publisher":"https:\/\/www.facebook.com\/UnicaInsurance\/","article_modified_time":"2025-08-11T23:46:39+00:00","og_image":[{"url":"https:\/\/priorityfire.com\/wp-content\/uploads\/2025\/01\/priority_van.png","width":1000,"height":415,"type":"image\/png"}],"schema":{"@context":"https:\/\/schema.org","@graph":[{"@type":"WebPage","@id":"http:\/\/priorityfire.com\/fr\/","url":"http:\/\/priorityfire.com\/fr\/","name":"Priority Fire Equipment Inc.","isPartOf":{"@id":"http:\/\/priorityfire.com\/fr\/#website"},"datePublished":"2023-11-13T18:42:30+00:00","dateModified":"2025-08-11T23:46:39+00:00","description":"Nos solutions fiables de protection contre les incendies et de s\u00e9curit\u00e9 incendie aident actuellement plus de 1 000 clients et plus de 3 000 b\u00e2timents \u00e0 travers le Canada. \u00e9quipement Incendie Priorit\u00e9 offre un service 24 heures sur 24, 7 jours sur 7, ainsi que des solutions de classe mondiale et une expertise compl\u00e8te.","inLanguage":"fr-CA","potentialAction":[{"@type":"ReadAction","target":["http:\/\/priorityfire.com\/fr\/"]}]},{"@type":"WebSite","@id":"http:\/\/priorityfire.com\/fr\/#website","url":"http:\/\/priorityfire.com\/fr\/","name":"Priority Fire Equipment Inc.","description":"Meticulously trained by the Canadian Fire Alarm Association.","potentialAction":[{"@type":"SearchAction","target":{"@type":"EntryPoint","urlTemplate":"http:\/\/priorityfire.com\/fr\/?s={search_term_string}"},"query-input":{"@type":"PropertyValueSpecification","valueRequired":true,"valueName":"search_term_string"}}],"inLanguage":"fr-CA"}]}},"_links":{"self":[{"href":"https:\/\/priorityfire.com\/fr\/wp-json\/wp\/v2\/pages\/5449","targetHints":{"allow":["GET"]}}],"collection":[{"href":"https:\/\/priorityfire.com\/fr\/wp-json\/wp\/v2\/pages"}],"about":[{"href":"https:\/\/priorityfire.com\/fr\/wp-json\/wp\/v2\/types\/page"}],"author":[{"embeddable":true,"href":"https:\/\/priorityfire.com\/fr\/wp-json\/wp\/v2\/users\/3"}],"replies":[{"embeddable":true,"href":"https:\/\/priorityfire.com\/fr\/wp-json\/wp\/v2\/comments?post=5449"}],"version-history":[{"count":0,"href":"https:\/\/priorityfire.com\/fr\/wp-json\/wp\/v2\/pages\/5449\/revisions"}],"wp:attachment":[{"href":"https:\/\/priorityfire.com\/fr\/wp-json\/wp\/v2\/media?parent=5449"}],"curies":[{"name":"wp","href":"https:\/\/api.w.org\/{rel}","templated":true}]}}